{"id":646,"date":"2022-02-03T21:29:23","date_gmt":"2022-02-04T02:29:23","guid":{"rendered":"http:\/\/can-management.ca\/services\/"},"modified":"2022-02-07T16:20:54","modified_gmt":"2022-02-07T21:20:54","slug":"services","status":"publish","type":"page","link":"https:\/\/can-management.ca\/fr\/services\/","title":{"rendered":"Services"},"content":{"rendered":"<div class=\"wpb-content-wrapper\"><p>[vc_row el_id=\u00a0\u00bbservices\u00a0\u00bb][vc_column width=\u00a0\u00bb1\/3&Prime; css=\u00a0\u00bb.vc_custom_1643946090117{background-image: url(http:\/\/can-management.ca\/wp-content\/uploads\/plg-23-scaled.jpg?id=535) !important;}\u00a0\u00bb][vc_column_text]<\/p>\n<h2>Cannage<\/h2>\n<p>[\/vc_column_text][vc_column_text el_class=\u00a0\u00bbservices-content\u00a0\u00bb]Compagnie qu\u00e9b\u00e9coise sp\u00e9cialis\u00e9 dans la mise en canette de breuvages, alcoolis\u00e9 ou non, bas\u00e9e sur la rive-sud de Montr\u00e9al en op\u00e9ration depuis 2019 ayant plusieurs unit\u00e9s couvrant l&rsquo;est du Canada. Personnel professionnel form\u00e9 selon les plus hauts standards de l&rsquo;industrie. Notre service flexible s&rsquo;ajuste \u00e0 la progression de votre entreprise sans que vous ayez \u00e0 investir des montants importants dans l&rsquo;achat d&rsquo;\u00e9quipement. \u00c9vitez les soucis financiers et les rappels couteux en confiant la mise en canette \u00e0 Can Management, une entreprise de confiance.<\/p>\n<p><a href=\"\/fr\/soumission\/\">+<\/a>[\/vc_column_text][\/vc_column][vc_column width=\u00a0\u00bb1\/3&Prime; css=\u00a0\u00bb.vc_custom_1643946108734{background-image: url(http:\/\/can-management.ca\/wp-content\/uploads\/plg-42-scaled.jpg?id=537) !important;}\u00a0\u00bb][vc_column_text]<\/p>\n<h2>\u00c9quipement<\/h2>\n<p>[\/vc_column_text][vc_column_text el_class=\u00a0\u00bbservices-content\u00a0\u00bb]\u00c0 notre arriv\u00e9, vos bi\u00e8res\/cidres\/pr\u00eat-\u00e0-boire sont test\u00e9s avec nos appareil de mesure Pentair. Ces donn\u00e9es serviront par la suite comme mesure de r\u00e9f\u00e9rence \u00e0 nos techniciens qui feront les ajustements n\u00e9cessaires \u00e0 l&rsquo;une de nos machine Wild Goose WG-5 afin de pr\u00e9server l&rsquo;int\u00e9gralit\u00e9 de vos boissons. Dans le cas d&rsquo;une boisson non gaz\u00e9ifi\u00e9e, nous disposons d&rsquo;un doseur d&rsquo;azote CHART haute performance.<\/p>\n<p><a href=\"\/fr\/soumission\/\">+<\/a>[\/vc_column_text][\/vc_column][vc_column width=\u00a0\u00bb1\/3&Prime; css=\u00a0\u00bb.vc_custom_1643946117474{background-image: url(http:\/\/can-management.ca\/wp-content\/uploads\/plg-37-scaled.jpg?id=539) !important;}\u00a0\u00bb][vc_column_text]<\/p>\n<h2>Sertissage<\/h2>\n<p>[\/vc_column_text][vc_column_text el_class=\u00a0\u00bbservices-content\u00a0\u00bb]<\/p>\n<h3><img loading=\"lazy\" decoding=\"async\" class=\"alignnone size-full wp-image-766\" src=\"http:\/\/can-management.ca\/wp-content\/uploads\/cmc-white.png\" alt=\"\" width=\"860\" height=\"169\" srcset=\"https:\/\/can-management.ca\/wp-content\/uploads\/cmc-white.png 860w, https:\/\/can-management.ca\/wp-content\/uploads\/cmc-white-300x59.png 300w, https:\/\/can-management.ca\/wp-content\/uploads\/cmc-white-768x151.png 768w, https:\/\/can-management.ca\/wp-content\/uploads\/cmc-white-600x118.png 600w\" sizes=\"auto, (max-width: 860px) 100vw, 860px\" \/>VE\u0301RIFIEZ LA CONFORMITE\u0301 DE VOS SERTISSAGES<\/h3>\n<p><strong>DOUBLE SERTISSAGE, OPE\u0301RATION 1 &amp; OPE\u0301RATION 2<\/strong><\/p>\n<p><strong>\u2022 Rapport de\u0301taille\u0301 avec les mesures de re\u0301fe\u0301rence<\/strong><br \/>\n<strong>\u2022 Photos haute re\u0301solution<\/strong><br \/>\n<strong>\u2022 Permet de mieux cibler l&rsquo;entretien pre\u0301ventif<\/strong><br \/>\n&#8211; Dormez l&rsquo;esprit en paix<br \/>\n&#8211; E\u0301vitez les rappels de produits couteux<br \/>\n<strong>\u2022 Abonnement annuel a\u0300 99$ par mois<\/strong><br \/>\n&#8211; Nombre illimite\u0301 de canette<br \/>\n&#8211; Tous les formats de canette<br \/>\n&#8211; Rapport envoye\u0301 en moins de 24h suivant la re\u0301ception<\/p>\n<p><a href=\"\/fr\/soumission\/\">+<\/a>[\/vc_column_text][\/vc_column][\/vc_row]<\/p>\n<\/div>","protected":false},"excerpt":{"rendered":"<p>[vc_row el_id=\u00a0\u00bbservices\u00a0\u00bb][vc_column width=\u00a0\u00bb1\/3&Prime; css=\u00a0\u00bb.vc_custom_1643946090117{background-image: url(http:\/\/can-management.ca\/wp-content\/uploads\/plg-23-scaled.jpg?id=535) !important;}\u00a0\u00bb][vc_column_text] Cannage [\/vc_column_text][vc_column_text el_class=\u00a0\u00bbservices-content\u00a0\u00bb]Compagnie qu\u00e9b\u00e9coise sp\u00e9cialis\u00e9 dans la mise en canette de breuvages, alcoolis\u00e9 ou non, bas\u00e9e sur la rive-sud de Montr\u00e9al en op\u00e9ration depuis 2019 ayant plusieurs unit\u00e9s couvrant l&rsquo;est du Canada. Personnel professionnel form\u00e9 selon les plus hauts standards de l&rsquo;industrie. Notre service flexible s&rsquo;ajuste \u00e0 la progression &#8230; <a title=\"Services\" class=\"read-more\" href=\"https:\/\/can-management.ca\/fr\/services\/\" aria-label=\"En savoir plus sur Services\">Lire la suite<\/a><\/p>\n","protected":false},"author":1,"featured_media":0,"parent":0,"menu_order":2,"comment_status":"closed","ping_status":"closed","template":"","meta":{"footnotes":""},"class_list":["post-646","page","type-page","status-publish"],"yoast_head":"<!-- This site is optimized with the Yoast SEO plugin v27.4 - https:\/\/yoast.com\/product\/yoast-seo-wordpress\/ -->\n<title>Services | Can Management<\/title>\n<meta name=\"robots\" content=\"index, follow, max-snippet:-1, max-image-preview:large, max-video-preview:-1\" \/>\n<link rel=\"canonical\" href=\"https:\/\/can-management.ca\/fr\/services\/\" \/>\n<meta property=\"og:locale\" content=\"fr_FR\" \/>\n<meta property=\"og:type\" content=\"article\" \/>\n<meta property=\"og:title\" content=\"Services | Can Management\" \/>\n<meta property=\"og:description\" content=\"[vc_row el_id=\u00a0\u00bbservices\u00a0\u00bb][vc_column width=\u00a0\u00bb1\/3&Prime; css=\u00a0\u00bb.vc_custom_1643946090117{background-image: url(http:\/\/can-management.ca\/wp-content\/uploads\/plg-23-scaled.jpg?id=535) !important;}\u00a0\u00bb][vc_column_text] Cannage [\/vc_column_text][vc_column_text el_class=\u00a0\u00bbservices-content\u00a0\u00bb]Compagnie qu\u00e9b\u00e9coise sp\u00e9cialis\u00e9 dans la mise en canette de breuvages, alcoolis\u00e9 ou non, bas\u00e9e sur la rive-sud de Montr\u00e9al en op\u00e9ration depuis 2019 ayant plusieurs unit\u00e9s couvrant l&rsquo;est du Canada. Personnel professionnel form\u00e9 selon les plus hauts standards de l&rsquo;industrie. Notre service flexible s&rsquo;ajuste \u00e0 la progression ... Lire la suite\" \/>\n<meta property=\"og:url\" content=\"https:\/\/can-management.ca\/fr\/services\/\" \/>\n<meta property=\"og:site_name\" content=\"Can Management\" \/>\n<meta property=\"article:modified_time\" content=\"2022-02-07T21:20:54+00:00\" \/>\n<meta property=\"og:image\" content=\"http:\/\/can-management.ca\/wp-content\/uploads\/cmc-white.png\" \/>\n<meta name=\"twitter:card\" content=\"summary_large_image\" \/>\n<meta name=\"twitter:label1\" content=\"Dur\u00e9e de lecture estim\u00e9e\" \/>\n\t<meta name=\"twitter:data1\" content=\"1 minute\" \/>\n<script type=\"application\/ld+json\" class=\"yoast-schema-graph\">{\"@context\":\"https:\\\/\\\/schema.org\",\"@graph\":[{\"@type\":\"WebPage\",\"@id\":\"https:\\\/\\\/can-management.ca\\\/fr\\\/services\\\/\",\"url\":\"https:\\\/\\\/can-management.ca\\\/fr\\\/services\\\/\",\"name\":\"Services | Can Management\",\"isPartOf\":{\"@id\":\"https:\\\/\\\/can-management.ca\\\/#website\"},\"primaryImageOfPage\":{\"@id\":\"https:\\\/\\\/can-management.ca\\\/fr\\\/services\\\/#primaryimage\"},\"image\":{\"@id\":\"https:\\\/\\\/can-management.ca\\\/fr\\\/services\\\/#primaryimage\"},\"thumbnailUrl\":\"http:\\\/\\\/can-management.ca\\\/wp-content\\\/uploads\\\/cmc-white.png\",\"datePublished\":\"2022-02-04T02:29:23+00:00\",\"dateModified\":\"2022-02-07T21:20:54+00:00\",\"breadcrumb\":{\"@id\":\"https:\\\/\\\/can-management.ca\\\/fr\\\/services\\\/#breadcrumb\"},\"inLanguage\":\"fr-FR\",\"potentialAction\":[{\"@type\":\"ReadAction\",\"target\":[\"https:\\\/\\\/can-management.ca\\\/fr\\\/services\\\/\"]}]},{\"@type\":\"ImageObject\",\"inLanguage\":\"fr-FR\",\"@id\":\"https:\\\/\\\/can-management.ca\\\/fr\\\/services\\\/#primaryimage\",\"url\":\"http:\\\/\\\/can-management.ca\\\/wp-content\\\/uploads\\\/cmc-white.png\",\"contentUrl\":\"http:\\\/\\\/can-management.ca\\\/wp-content\\\/uploads\\\/cmc-white.png\"},{\"@type\":\"BreadcrumbList\",\"@id\":\"https:\\\/\\\/can-management.ca\\\/fr\\\/services\\\/#breadcrumb\",\"itemListElement\":[{\"@type\":\"ListItem\",\"position\":1,\"name\":\"Accueil\",\"item\":\"https:\\\/\\\/can-management.ca\\\/fr\\\/accueil\\\/\"},{\"@type\":\"ListItem\",\"position\":2,\"name\":\"Services\"}]},{\"@type\":\"WebSite\",\"@id\":\"https:\\\/\\\/can-management.ca\\\/#website\",\"url\":\"https:\\\/\\\/can-management.ca\\\/\",\"name\":\"Can Management\",\"description\":\"\",\"publisher\":{\"@id\":\"https:\\\/\\\/can-management.ca\\\/#organization\"},\"potentialAction\":[{\"@type\":\"SearchAction\",\"target\":{\"@type\":\"EntryPoint\",\"urlTemplate\":\"https:\\\/\\\/can-management.ca\\\/?s={search_term_string}\"},\"query-input\":{\"@type\":\"PropertyValueSpecification\",\"valueRequired\":true,\"valueName\":\"search_term_string\"}}],\"inLanguage\":\"fr-FR\"},{\"@type\":\"Organization\",\"@id\":\"https:\\\/\\\/can-management.ca\\\/#organization\",\"name\":\"Can Management\",\"url\":\"https:\\\/\\\/can-management.ca\\\/\",\"logo\":{\"@type\":\"ImageObject\",\"inLanguage\":\"fr-FR\",\"@id\":\"https:\\\/\\\/can-management.ca\\\/#\\\/schema\\\/logo\\\/image\\\/\",\"url\":\"https:\\\/\\\/can-management.ca\\\/wp-content\\\/uploads\\\/logo_vertical_blanc.svg\",\"contentUrl\":\"https:\\\/\\\/can-management.ca\\\/wp-content\\\/uploads\\\/logo_vertical_blanc.svg\",\"caption\":\"Can Management\"},\"image\":{\"@id\":\"https:\\\/\\\/can-management.ca\\\/#\\\/schema\\\/logo\\\/image\\\/\"}}]}<\/script>\n<!-- \/ Yoast SEO plugin. -->","yoast_head_json":{"title":"Services | Can Management","robots":{"index":"index","follow":"follow","max-snippet":"max-snippet:-1","max-image-preview":"max-image-preview:large","max-video-preview":"max-video-preview:-1"},"canonical":"https:\/\/can-management.ca\/fr\/services\/","og_locale":"fr_FR","og_type":"article","og_title":"Services | Can Management","og_description":"[vc_row el_id=\u00a0\u00bbservices\u00a0\u00bb][vc_column width=\u00a0\u00bb1\/3&Prime; css=\u00a0\u00bb.vc_custom_1643946090117{background-image: url(http:\/\/can-management.ca\/wp-content\/uploads\/plg-23-scaled.jpg?id=535) !important;}\u00a0\u00bb][vc_column_text] Cannage [\/vc_column_text][vc_column_text el_class=\u00a0\u00bbservices-content\u00a0\u00bb]Compagnie qu\u00e9b\u00e9coise sp\u00e9cialis\u00e9 dans la mise en canette de breuvages, alcoolis\u00e9 ou non, bas\u00e9e sur la rive-sud de Montr\u00e9al en op\u00e9ration depuis 2019 ayant plusieurs unit\u00e9s couvrant l&rsquo;est du Canada. Personnel professionnel form\u00e9 selon les plus hauts standards de l&rsquo;industrie. Notre service flexible s&rsquo;ajuste \u00e0 la progression ... Lire la suite","og_url":"https:\/\/can-management.ca\/fr\/services\/","og_site_name":"Can Management","article_modified_time":"2022-02-07T21:20:54+00:00","og_image":[{"url":"http:\/\/can-management.ca\/wp-content\/uploads\/cmc-white.png","type":"","width":"","height":""}],"twitter_card":"summary_large_image","twitter_misc":{"Dur\u00e9e de lecture estim\u00e9e":"1 minute"},"schema":{"@context":"https:\/\/schema.org","@graph":[{"@type":"WebPage","@id":"https:\/\/can-management.ca\/fr\/services\/","url":"https:\/\/can-management.ca\/fr\/services\/","name":"Services | Can Management","isPartOf":{"@id":"https:\/\/can-management.ca\/#website"},"primaryImageOfPage":{"@id":"https:\/\/can-management.ca\/fr\/services\/#primaryimage"},"image":{"@id":"https:\/\/can-management.ca\/fr\/services\/#primaryimage"},"thumbnailUrl":"http:\/\/can-management.ca\/wp-content\/uploads\/cmc-white.png","datePublished":"2022-02-04T02:29:23+00:00","dateModified":"2022-02-07T21:20:54+00:00","breadcrumb":{"@id":"https:\/\/can-management.ca\/fr\/services\/#breadcrumb"},"inLanguage":"fr-FR","potentialAction":[{"@type":"ReadAction","target":["https:\/\/can-management.ca\/fr\/services\/"]}]},{"@type":"ImageObject","inLanguage":"fr-FR","@id":"https:\/\/can-management.ca\/fr\/services\/#primaryimage","url":"http:\/\/can-management.ca\/wp-content\/uploads\/cmc-white.png","contentUrl":"http:\/\/can-management.ca\/wp-content\/uploads\/cmc-white.png"},{"@type":"BreadcrumbList","@id":"https:\/\/can-management.ca\/fr\/services\/#breadcrumb","itemListElement":[{"@type":"ListItem","position":1,"name":"Accueil","item":"https:\/\/can-management.ca\/fr\/accueil\/"},{"@type":"ListItem","position":2,"name":"Services"}]},{"@type":"WebSite","@id":"https:\/\/can-management.ca\/#website","url":"https:\/\/can-management.ca\/","name":"Can Management","description":"","publisher":{"@id":"https:\/\/can-management.ca\/#organization"},"potentialAction":[{"@type":"SearchAction","target":{"@type":"EntryPoint","urlTemplate":"https:\/\/can-management.ca\/?s={search_term_string}"},"query-input":{"@type":"PropertyValueSpecification","valueRequired":true,"valueName":"search_term_string"}}],"inLanguage":"fr-FR"},{"@type":"Organization","@id":"https:\/\/can-management.ca\/#organization","name":"Can Management","url":"https:\/\/can-management.ca\/","logo":{"@type":"ImageObject","inLanguage":"fr-FR","@id":"https:\/\/can-management.ca\/#\/schema\/logo\/image\/","url":"https:\/\/can-management.ca\/wp-content\/uploads\/logo_vertical_blanc.svg","contentUrl":"https:\/\/can-management.ca\/wp-content\/uploads\/logo_vertical_blanc.svg","caption":"Can Management"},"image":{"@id":"https:\/\/can-management.ca\/#\/schema\/logo\/image\/"}}]}},"_links":{"self":[{"href":"https:\/\/can-management.ca\/fr\/wp-json\/wp\/v2\/pages\/646","targetHints":{"allow":["GET"]}}],"collection":[{"href":"https:\/\/can-management.ca\/fr\/wp-json\/wp\/v2\/pages"}],"about":[{"href":"https:\/\/can-management.ca\/fr\/wp-json\/wp\/v2\/types\/page"}],"author":[{"embeddable":true,"href":"https:\/\/can-management.ca\/fr\/wp-json\/wp\/v2\/users\/1"}],"replies":[{"embeddable":true,"href":"https:\/\/can-management.ca\/fr\/wp-json\/wp\/v2\/comments?post=646"}],"version-history":[{"count":5,"href":"https:\/\/can-management.ca\/fr\/wp-json\/wp\/v2\/pages\/646\/revisions"}],"predecessor-version":[{"id":769,"href":"https:\/\/can-management.ca\/fr\/wp-json\/wp\/v2\/pages\/646\/revisions\/769"}],"wp:attachment":[{"href":"https:\/\/can-management.ca\/fr\/wp-json\/wp\/v2\/media?parent=646"}],"curies":[{"name":"wp","href":"https:\/\/api.w.org\/{rel}","templated":true}]}}