{"id":732,"date":"2022-02-05T16:48:25","date_gmt":"2022-02-04T21:48:25","guid":{"rendered":"http:\/\/can-management.ca\/product\/produit-2\/"},"modified":"2022-11-15T11:03:43","modified_gmt":"2022-11-15T16:03:43","slug":"cannette-355ml","status":"publish","type":"product","link":"https:\/\/can-management.ca\/fr\/produit\/cannette-355ml\/","title":{"rendered":"Cannette \u2013 355ml"},"content":{"rendered":"<p>E\u0301tant donne\u0301 la nature fragile du produit, CM conside\u0300re dans la normalite\u0301 d\u2019avoir au maximum 8 canettes bosse\u0301es par range\u0301e. Si une range\u0301e pre\u0301sente plus de 8 canettes bosse\u0301es et\/ou manquante, il est de la responsabilite\u0301 du client de contacter CM de\u0300s la re\u0301ception de ceux-ci.<\/p>\n","protected":false},"excerpt":{"rendered":"<p><em>Crown blank 12 oz BPANI Epoxy.<\/em><br \/>\n<strong>Ce produit comprend 389 canettes (1 rang\u00e9e).<\/strong><br \/>\n*Minimum d&rsquo;achat d&rsquo;une rang\u00e9e par article par commande.<br \/>\n\u00c0 noter que des frais de d\u00e9p\u00f4t pour le mat\u00e9riel de transport seront ajout\u00e9s.<\/p>\n","protected":false},"featured_media":792,"comment_status":"closed","ping_status":"closed","template":"","meta":[],"product_brand":[],"product_cat":[31],"product_tag":[],"class_list":{"0":"post-732","1":"product","2":"type-product","3":"status-publish","4":"has-post-thumbnail","6":"product_cat-accessoires","8":"first","9":"instock","10":"taxable","11":"shipping-taxable","12":"purchasable","13":"product-type-simple"},"yoast_head":"<!-- This site is optimized with the Yoast SEO plugin v27.5 - https:\/\/yoast.com\/product\/yoast-seo-wordpress\/ -->\n<title>Cannette \u2013 355ml | Can Management<\/title>\n<meta name=\"robots\" content=\"index, follow, max-snippet:-1, max-image-preview:large, max-video-preview:-1\" \/>\n<link rel=\"canonical\" href=\"https:\/\/can-management.ca\/fr\/produit\/cannette-355ml\/\" \/>\n<meta property=\"og:locale\" content=\"fr_FR\" \/>\n<meta property=\"og:type\" content=\"article\" \/>\n<meta property=\"og:title\" content=\"Cannette \u2013 355ml | Can Management\" \/>\n<meta property=\"og:description\" content=\"Crown blank 12 oz BPANI Epoxy. Ce produit comprend 389 canettes (1 rang\u00e9e). *Minimum d&#039;achat d&#039;une rang\u00e9e par article par commande. \u00c0 noter que des frais de d\u00e9p\u00f4t pour le mat\u00e9riel de transport seront ajout\u00e9s.\" \/>\n<meta property=\"og:url\" content=\"https:\/\/can-management.ca\/fr\/produit\/cannette-355ml\/\" \/>\n<meta property=\"og:site_name\" content=\"Can Management\" \/>\n<meta property=\"article:modified_time\" content=\"2022-11-15T16:03:43+00:00\" \/>\n<meta property=\"og:image\" content=\"https:\/\/can-management.ca\/wp-content\/uploads\/271825042_1015903695801558_2878168017071673332_n.jpg\" \/>\n\t<meta property=\"og:image:width\" content=\"640\" \/>\n\t<meta property=\"og:image:height\" content=\"640\" \/>\n\t<meta property=\"og:image:type\" content=\"image\/jpeg\" \/>\n<meta name=\"twitter:card\" content=\"summary_large_image\" \/>\n<meta name=\"twitter:label1\" content=\"Dur\u00e9e de lecture estim\u00e9e\" \/>\n\t<meta name=\"twitter:data1\" content=\"1 minute\" \/>\n<script type=\"application\/ld+json\" class=\"yoast-schema-graph\">{\"@context\":\"https:\\\/\\\/schema.org\",\"@graph\":[{\"@type\":\"WebPage\",\"@id\":\"https:\\\/\\\/can-management.ca\\\/fr\\\/produit\\\/cannette-355ml\\\/\",\"url\":\"https:\\\/\\\/can-management.ca\\\/fr\\\/produit\\\/cannette-355ml\\\/\",\"name\":\"Cannette \u2013 355ml | Can Management\",\"isPartOf\":{\"@id\":\"https:\\\/\\\/can-management.ca\\\/#website\"},\"primaryImageOfPage\":{\"@id\":\"https:\\\/\\\/can-management.ca\\\/fr\\\/produit\\\/cannette-355ml\\\/#primaryimage\"},\"image\":{\"@id\":\"https:\\\/\\\/can-management.ca\\\/fr\\\/produit\\\/cannette-355ml\\\/#primaryimage\"},\"thumbnailUrl\":\"https:\\\/\\\/can-management.ca\\\/wp-content\\\/uploads\\\/271825042_1015903695801558_2878168017071673332_n.jpg\",\"datePublished\":\"2022-02-04T21:48:25+00:00\",\"dateModified\":\"2022-11-15T16:03:43+00:00\",\"breadcrumb\":{\"@id\":\"https:\\\/\\\/can-management.ca\\\/fr\\\/produit\\\/cannette-355ml\\\/#breadcrumb\"},\"inLanguage\":\"fr-FR\",\"potentialAction\":[{\"@type\":\"ReadAction\",\"target\":[\"https:\\\/\\\/can-management.ca\\\/fr\\\/produit\\\/cannette-355ml\\\/\"]}]},{\"@type\":\"ImageObject\",\"inLanguage\":\"fr-FR\",\"@id\":\"https:\\\/\\\/can-management.ca\\\/fr\\\/produit\\\/cannette-355ml\\\/#primaryimage\",\"url\":\"https:\\\/\\\/can-management.ca\\\/wp-content\\\/uploads\\\/271825042_1015903695801558_2878168017071673332_n.jpg\",\"contentUrl\":\"https:\\\/\\\/can-management.ca\\\/wp-content\\\/uploads\\\/271825042_1015903695801558_2878168017071673332_n.jpg\",\"width\":640,\"height\":640},{\"@type\":\"BreadcrumbList\",\"@id\":\"https:\\\/\\\/can-management.ca\\\/fr\\\/produit\\\/cannette-355ml\\\/#breadcrumb\",\"itemListElement\":[{\"@type\":\"ListItem\",\"position\":1,\"name\":\"Accueil\",\"item\":\"https:\\\/\\\/can-management.ca\\\/fr\\\/accueil\\\/\"},{\"@type\":\"ListItem\",\"position\":2,\"name\":\"Products\",\"item\":\"https:\\\/\\\/can-management.ca\\\/shop\\\/\"},{\"@type\":\"ListItem\",\"position\":3,\"name\":\"Cannette \u2013 355ml\"}]},{\"@type\":\"WebSite\",\"@id\":\"https:\\\/\\\/can-management.ca\\\/#website\",\"url\":\"https:\\\/\\\/can-management.ca\\\/\",\"name\":\"Can Management\",\"description\":\"\",\"publisher\":{\"@id\":\"https:\\\/\\\/can-management.ca\\\/#organization\"},\"potentialAction\":[{\"@type\":\"SearchAction\",\"target\":{\"@type\":\"EntryPoint\",\"urlTemplate\":\"https:\\\/\\\/can-management.ca\\\/?s={search_term_string}\"},\"query-input\":{\"@type\":\"PropertyValueSpecification\",\"valueRequired\":true,\"valueName\":\"search_term_string\"}}],\"inLanguage\":\"fr-FR\"},{\"@type\":\"Organization\",\"@id\":\"https:\\\/\\\/can-management.ca\\\/#organization\",\"name\":\"Can Management\",\"url\":\"https:\\\/\\\/can-management.ca\\\/\",\"logo\":{\"@type\":\"ImageObject\",\"inLanguage\":\"fr-FR\",\"@id\":\"https:\\\/\\\/can-management.ca\\\/#\\\/schema\\\/logo\\\/image\\\/\",\"url\":\"https:\\\/\\\/can-management.ca\\\/wp-content\\\/uploads\\\/logo_vertical_blanc.svg\",\"contentUrl\":\"https:\\\/\\\/can-management.ca\\\/wp-content\\\/uploads\\\/logo_vertical_blanc.svg\",\"caption\":\"Can Management\"},\"image\":{\"@id\":\"https:\\\/\\\/can-management.ca\\\/#\\\/schema\\\/logo\\\/image\\\/\"}}]}<\/script>\n<!-- \/ Yoast SEO plugin. -->","yoast_head_json":{"title":"Cannette \u2013 355ml | Can Management","robots":{"index":"index","follow":"follow","max-snippet":"max-snippet:-1","max-image-preview":"max-image-preview:large","max-video-preview":"max-video-preview:-1"},"canonical":"https:\/\/can-management.ca\/fr\/produit\/cannette-355ml\/","og_locale":"fr_FR","og_type":"article","og_title":"Cannette \u2013 355ml | Can Management","og_description":"Crown blank 12 oz BPANI Epoxy. Ce produit comprend 389 canettes (1 rang\u00e9e). *Minimum d'achat d'une rang\u00e9e par article par commande. \u00c0 noter que des frais de d\u00e9p\u00f4t pour le mat\u00e9riel de transport seront ajout\u00e9s.","og_url":"https:\/\/can-management.ca\/fr\/produit\/cannette-355ml\/","og_site_name":"Can Management","article_modified_time":"2022-11-15T16:03:43+00:00","og_image":[{"width":640,"height":640,"url":"https:\/\/can-management.ca\/wp-content\/uploads\/271825042_1015903695801558_2878168017071673332_n.jpg","type":"image\/jpeg"}],"twitter_card":"summary_large_image","twitter_misc":{"Dur\u00e9e de lecture estim\u00e9e":"1 minute"},"schema":{"@context":"https:\/\/schema.org","@graph":[{"@type":"WebPage","@id":"https:\/\/can-management.ca\/fr\/produit\/cannette-355ml\/","url":"https:\/\/can-management.ca\/fr\/produit\/cannette-355ml\/","name":"Cannette \u2013 355ml | Can Management","isPartOf":{"@id":"https:\/\/can-management.ca\/#website"},"primaryImageOfPage":{"@id":"https:\/\/can-management.ca\/fr\/produit\/cannette-355ml\/#primaryimage"},"image":{"@id":"https:\/\/can-management.ca\/fr\/produit\/cannette-355ml\/#primaryimage"},"thumbnailUrl":"https:\/\/can-management.ca\/wp-content\/uploads\/271825042_1015903695801558_2878168017071673332_n.jpg","datePublished":"2022-02-04T21:48:25+00:00","dateModified":"2022-11-15T16:03:43+00:00","breadcrumb":{"@id":"https:\/\/can-management.ca\/fr\/produit\/cannette-355ml\/#breadcrumb"},"inLanguage":"fr-FR","potentialAction":[{"@type":"ReadAction","target":["https:\/\/can-management.ca\/fr\/produit\/cannette-355ml\/"]}]},{"@type":"ImageObject","inLanguage":"fr-FR","@id":"https:\/\/can-management.ca\/fr\/produit\/cannette-355ml\/#primaryimage","url":"https:\/\/can-management.ca\/wp-content\/uploads\/271825042_1015903695801558_2878168017071673332_n.jpg","contentUrl":"https:\/\/can-management.ca\/wp-content\/uploads\/271825042_1015903695801558_2878168017071673332_n.jpg","width":640,"height":640},{"@type":"BreadcrumbList","@id":"https:\/\/can-management.ca\/fr\/produit\/cannette-355ml\/#breadcrumb","itemListElement":[{"@type":"ListItem","position":1,"name":"Accueil","item":"https:\/\/can-management.ca\/fr\/accueil\/"},{"@type":"ListItem","position":2,"name":"Products","item":"https:\/\/can-management.ca\/shop\/"},{"@type":"ListItem","position":3,"name":"Cannette \u2013 355ml"}]},{"@type":"WebSite","@id":"https:\/\/can-management.ca\/#website","url":"https:\/\/can-management.ca\/","name":"Can Management","description":"","publisher":{"@id":"https:\/\/can-management.ca\/#organization"},"potentialAction":[{"@type":"SearchAction","target":{"@type":"EntryPoint","urlTemplate":"https:\/\/can-management.ca\/?s={search_term_string}"},"query-input":{"@type":"PropertyValueSpecification","valueRequired":true,"valueName":"search_term_string"}}],"inLanguage":"fr-FR"},{"@type":"Organization","@id":"https:\/\/can-management.ca\/#organization","name":"Can Management","url":"https:\/\/can-management.ca\/","logo":{"@type":"ImageObject","inLanguage":"fr-FR","@id":"https:\/\/can-management.ca\/#\/schema\/logo\/image\/","url":"https:\/\/can-management.ca\/wp-content\/uploads\/logo_vertical_blanc.svg","contentUrl":"https:\/\/can-management.ca\/wp-content\/uploads\/logo_vertical_blanc.svg","caption":"Can Management"},"image":{"@id":"https:\/\/can-management.ca\/#\/schema\/logo\/image\/"}}]}},"_links":{"self":[{"href":"https:\/\/can-management.ca\/fr\/wp-json\/wp\/v2\/product\/732","targetHints":{"allow":["GET"]}}],"collection":[{"href":"https:\/\/can-management.ca\/fr\/wp-json\/wp\/v2\/product"}],"about":[{"href":"https:\/\/can-management.ca\/fr\/wp-json\/wp\/v2\/types\/product"}],"replies":[{"embeddable":true,"href":"https:\/\/can-management.ca\/fr\/wp-json\/wp\/v2\/comments?post=732"}],"wp:featuredmedia":[{"embeddable":true,"href":"https:\/\/can-management.ca\/fr\/wp-json\/wp\/v2\/media\/792"}],"wp:attachment":[{"href":"https:\/\/can-management.ca\/fr\/wp-json\/wp\/v2\/media?parent=732"}],"wp:term":[{"taxonomy":"product_brand","embeddable":true,"href":"https:\/\/can-management.ca\/fr\/wp-json\/wp\/v2\/product_brand?post=732"},{"taxonomy":"product_cat","embeddable":true,"href":"https:\/\/can-management.ca\/fr\/wp-json\/wp\/v2\/product_cat?post=732"},{"taxonomy":"product_tag","embeddable":true,"href":"https:\/\/can-management.ca\/fr\/wp-json\/wp\/v2\/product_tag?post=732"}],"curies":[{"name":"wp","href":"https:\/\/api.w.org\/{rel}","templated":true}]}}