{"id":735,"date":"2022-02-02T16:48:29","date_gmt":"2022-02-04T21:48:29","guid":{"rendered":"http:\/\/can-management.ca\/product\/produit-5\/"},"modified":"2022-02-11T21:12:09","modified_gmt":"2022-02-12T02:12:09","slug":"clip-packtech-6","status":"publish","type":"product","link":"https:\/\/can-management.ca\/fr\/produit\/clip-packtech-6\/","title":{"rendered":"Clip Packtech (6)"},"content":{"rendered":"","protected":false},"excerpt":{"rendered":"<p><em>Porte canette pour 355ml\/473ml. Couleurs vari\u00e9es. Fait au Canada.<\/em><br \/>\n<strong>Ce produit comprend 580 clips (1 rang\u00e9e).<\/strong><br \/>\n*Minimum d&rsquo;achat d&rsquo;une rang\u00e9e par article par commande.<\/p>\n","protected":false},"featured_media":702,"comment_status":"closed","ping_status":"closed","template":"","meta":[],"product_brand":[],"product_cat":[31],"product_tag":[],"class_list":{"0":"post-735","1":"product","2":"type-product","3":"status-publish","4":"has-post-thumbnail","6":"product_cat-accessoires","8":"first","9":"instock","10":"taxable","11":"shipping-taxable","12":"purchasable","13":"product-type-simple"},"yoast_head":"<!-- This site is optimized with the Yoast SEO plugin v27.4 - https:\/\/yoast.com\/product\/yoast-seo-wordpress\/ -->\n<title>Clip Packtech (6) | Can Management<\/title>\n<meta name=\"robots\" content=\"index, follow, max-snippet:-1, max-image-preview:large, max-video-preview:-1\" \/>\n<link rel=\"canonical\" href=\"https:\/\/can-management.ca\/fr\/produit\/clip-packtech-6\/\" \/>\n<meta property=\"og:locale\" content=\"fr_FR\" \/>\n<meta property=\"og:type\" content=\"article\" \/>\n<meta property=\"og:title\" content=\"Clip Packtech (6) | Can Management\" \/>\n<meta property=\"og:description\" content=\"Porte canette pour 355ml\/473ml. Couleurs vari\u00e9es. Fait au Canada. Ce produit comprend 580 clips (1 rang\u00e9e). *Minimum d&#039;achat d&#039;une rang\u00e9e par article par commande.\" \/>\n<meta property=\"og:url\" content=\"https:\/\/can-management.ca\/fr\/produit\/clip-packtech-6\/\" \/>\n<meta property=\"og:site_name\" content=\"Can Management\" \/>\n<meta property=\"article:modified_time\" content=\"2022-02-12T02:12:09+00:00\" \/>\n<meta property=\"og:image\" content=\"https:\/\/can-management.ca\/wp-content\/uploads\/4000C03-WB_1__08542.1550008835.jpg\" \/>\n\t<meta property=\"og:image:width\" content=\"800\" \/>\n\t<meta property=\"og:image:height\" content=\"800\" \/>\n\t<meta property=\"og:image:type\" content=\"image\/jpeg\" \/>\n<meta name=\"twitter:card\" content=\"summary_large_image\" \/>\n<script type=\"application\/ld+json\" class=\"yoast-schema-graph\">{\"@context\":\"https:\\\/\\\/schema.org\",\"@graph\":[{\"@type\":\"WebPage\",\"@id\":\"https:\\\/\\\/can-management.ca\\\/fr\\\/produit\\\/clip-packtech-6\\\/\",\"url\":\"https:\\\/\\\/can-management.ca\\\/fr\\\/produit\\\/clip-packtech-6\\\/\",\"name\":\"Clip Packtech (6) | Can Management\",\"isPartOf\":{\"@id\":\"https:\\\/\\\/can-management.ca\\\/#website\"},\"primaryImageOfPage\":{\"@id\":\"https:\\\/\\\/can-management.ca\\\/fr\\\/produit\\\/clip-packtech-6\\\/#primaryimage\"},\"image\":{\"@id\":\"https:\\\/\\\/can-management.ca\\\/fr\\\/produit\\\/clip-packtech-6\\\/#primaryimage\"},\"thumbnailUrl\":\"https:\\\/\\\/can-management.ca\\\/wp-content\\\/uploads\\\/4000C03-WB_1__08542.1550008835.jpg\",\"datePublished\":\"2022-02-04T21:48:29+00:00\",\"dateModified\":\"2022-02-12T02:12:09+00:00\",\"breadcrumb\":{\"@id\":\"https:\\\/\\\/can-management.ca\\\/fr\\\/produit\\\/clip-packtech-6\\\/#breadcrumb\"},\"inLanguage\":\"fr-FR\",\"potentialAction\":[{\"@type\":\"ReadAction\",\"target\":[\"https:\\\/\\\/can-management.ca\\\/fr\\\/produit\\\/clip-packtech-6\\\/\"]}]},{\"@type\":\"ImageObject\",\"inLanguage\":\"fr-FR\",\"@id\":\"https:\\\/\\\/can-management.ca\\\/fr\\\/produit\\\/clip-packtech-6\\\/#primaryimage\",\"url\":\"https:\\\/\\\/can-management.ca\\\/wp-content\\\/uploads\\\/4000C03-WB_1__08542.1550008835.jpg\",\"contentUrl\":\"https:\\\/\\\/can-management.ca\\\/wp-content\\\/uploads\\\/4000C03-WB_1__08542.1550008835.jpg\",\"width\":800,\"height\":800},{\"@type\":\"BreadcrumbList\",\"@id\":\"https:\\\/\\\/can-management.ca\\\/fr\\\/produit\\\/clip-packtech-6\\\/#breadcrumb\",\"itemListElement\":[{\"@type\":\"ListItem\",\"position\":1,\"name\":\"Accueil\",\"item\":\"https:\\\/\\\/can-management.ca\\\/fr\\\/accueil\\\/\"},{\"@type\":\"ListItem\",\"position\":2,\"name\":\"Products\",\"item\":\"https:\\\/\\\/can-management.ca\\\/shop\\\/\"},{\"@type\":\"ListItem\",\"position\":3,\"name\":\"Clip Packtech (6)\"}]},{\"@type\":\"WebSite\",\"@id\":\"https:\\\/\\\/can-management.ca\\\/#website\",\"url\":\"https:\\\/\\\/can-management.ca\\\/\",\"name\":\"Can Management\",\"description\":\"\",\"publisher\":{\"@id\":\"https:\\\/\\\/can-management.ca\\\/#organization\"},\"potentialAction\":[{\"@type\":\"SearchAction\",\"target\":{\"@type\":\"EntryPoint\",\"urlTemplate\":\"https:\\\/\\\/can-management.ca\\\/?s={search_term_string}\"},\"query-input\":{\"@type\":\"PropertyValueSpecification\",\"valueRequired\":true,\"valueName\":\"search_term_string\"}}],\"inLanguage\":\"fr-FR\"},{\"@type\":\"Organization\",\"@id\":\"https:\\\/\\\/can-management.ca\\\/#organization\",\"name\":\"Can Management\",\"url\":\"https:\\\/\\\/can-management.ca\\\/\",\"logo\":{\"@type\":\"ImageObject\",\"inLanguage\":\"fr-FR\",\"@id\":\"https:\\\/\\\/can-management.ca\\\/#\\\/schema\\\/logo\\\/image\\\/\",\"url\":\"https:\\\/\\\/can-management.ca\\\/wp-content\\\/uploads\\\/logo_vertical_blanc.svg\",\"contentUrl\":\"https:\\\/\\\/can-management.ca\\\/wp-content\\\/uploads\\\/logo_vertical_blanc.svg\",\"caption\":\"Can Management\"},\"image\":{\"@id\":\"https:\\\/\\\/can-management.ca\\\/#\\\/schema\\\/logo\\\/image\\\/\"}}]}<\/script>\n<!-- \/ Yoast SEO plugin. -->","yoast_head_json":{"title":"Clip Packtech (6) | Can Management","robots":{"index":"index","follow":"follow","max-snippet":"max-snippet:-1","max-image-preview":"max-image-preview:large","max-video-preview":"max-video-preview:-1"},"canonical":"https:\/\/can-management.ca\/fr\/produit\/clip-packtech-6\/","og_locale":"fr_FR","og_type":"article","og_title":"Clip Packtech (6) | Can Management","og_description":"Porte canette pour 355ml\/473ml. Couleurs vari\u00e9es. Fait au Canada. Ce produit comprend 580 clips (1 rang\u00e9e). *Minimum d'achat d'une rang\u00e9e par article par commande.","og_url":"https:\/\/can-management.ca\/fr\/produit\/clip-packtech-6\/","og_site_name":"Can Management","article_modified_time":"2022-02-12T02:12:09+00:00","og_image":[{"width":800,"height":800,"url":"https:\/\/can-management.ca\/wp-content\/uploads\/4000C03-WB_1__08542.1550008835.jpg","type":"image\/jpeg"}],"twitter_card":"summary_large_image","schema":{"@context":"https:\/\/schema.org","@graph":[{"@type":"WebPage","@id":"https:\/\/can-management.ca\/fr\/produit\/clip-packtech-6\/","url":"https:\/\/can-management.ca\/fr\/produit\/clip-packtech-6\/","name":"Clip Packtech (6) | Can Management","isPartOf":{"@id":"https:\/\/can-management.ca\/#website"},"primaryImageOfPage":{"@id":"https:\/\/can-management.ca\/fr\/produit\/clip-packtech-6\/#primaryimage"},"image":{"@id":"https:\/\/can-management.ca\/fr\/produit\/clip-packtech-6\/#primaryimage"},"thumbnailUrl":"https:\/\/can-management.ca\/wp-content\/uploads\/4000C03-WB_1__08542.1550008835.jpg","datePublished":"2022-02-04T21:48:29+00:00","dateModified":"2022-02-12T02:12:09+00:00","breadcrumb":{"@id":"https:\/\/can-management.ca\/fr\/produit\/clip-packtech-6\/#breadcrumb"},"inLanguage":"fr-FR","potentialAction":[{"@type":"ReadAction","target":["https:\/\/can-management.ca\/fr\/produit\/clip-packtech-6\/"]}]},{"@type":"ImageObject","inLanguage":"fr-FR","@id":"https:\/\/can-management.ca\/fr\/produit\/clip-packtech-6\/#primaryimage","url":"https:\/\/can-management.ca\/wp-content\/uploads\/4000C03-WB_1__08542.1550008835.jpg","contentUrl":"https:\/\/can-management.ca\/wp-content\/uploads\/4000C03-WB_1__08542.1550008835.jpg","width":800,"height":800},{"@type":"BreadcrumbList","@id":"https:\/\/can-management.ca\/fr\/produit\/clip-packtech-6\/#breadcrumb","itemListElement":[{"@type":"ListItem","position":1,"name":"Accueil","item":"https:\/\/can-management.ca\/fr\/accueil\/"},{"@type":"ListItem","position":2,"name":"Products","item":"https:\/\/can-management.ca\/shop\/"},{"@type":"ListItem","position":3,"name":"Clip Packtech (6)"}]},{"@type":"WebSite","@id":"https:\/\/can-management.ca\/#website","url":"https:\/\/can-management.ca\/","name":"Can Management","description":"","publisher":{"@id":"https:\/\/can-management.ca\/#organization"},"potentialAction":[{"@type":"SearchAction","target":{"@type":"EntryPoint","urlTemplate":"https:\/\/can-management.ca\/?s={search_term_string}"},"query-input":{"@type":"PropertyValueSpecification","valueRequired":true,"valueName":"search_term_string"}}],"inLanguage":"fr-FR"},{"@type":"Organization","@id":"https:\/\/can-management.ca\/#organization","name":"Can Management","url":"https:\/\/can-management.ca\/","logo":{"@type":"ImageObject","inLanguage":"fr-FR","@id":"https:\/\/can-management.ca\/#\/schema\/logo\/image\/","url":"https:\/\/can-management.ca\/wp-content\/uploads\/logo_vertical_blanc.svg","contentUrl":"https:\/\/can-management.ca\/wp-content\/uploads\/logo_vertical_blanc.svg","caption":"Can Management"},"image":{"@id":"https:\/\/can-management.ca\/#\/schema\/logo\/image\/"}}]}},"_links":{"self":[{"href":"https:\/\/can-management.ca\/fr\/wp-json\/wp\/v2\/product\/735","targetHints":{"allow":["GET"]}}],"collection":[{"href":"https:\/\/can-management.ca\/fr\/wp-json\/wp\/v2\/product"}],"about":[{"href":"https:\/\/can-management.ca\/fr\/wp-json\/wp\/v2\/types\/product"}],"replies":[{"embeddable":true,"href":"https:\/\/can-management.ca\/fr\/wp-json\/wp\/v2\/comments?post=735"}],"wp:featuredmedia":[{"embeddable":true,"href":"https:\/\/can-management.ca\/fr\/wp-json\/wp\/v2\/media\/702"}],"wp:attachment":[{"href":"https:\/\/can-management.ca\/fr\/wp-json\/wp\/v2\/media?parent=735"}],"wp:term":[{"taxonomy":"product_brand","embeddable":true,"href":"https:\/\/can-management.ca\/fr\/wp-json\/wp\/v2\/product_brand?post=735"},{"taxonomy":"product_cat","embeddable":true,"href":"https:\/\/can-management.ca\/fr\/wp-json\/wp\/v2\/product_cat?post=735"},{"taxonomy":"product_tag","embeddable":true,"href":"https:\/\/can-management.ca\/fr\/wp-json\/wp\/v2\/product_tag?post=735"}],"curies":[{"name":"wp","href":"https:\/\/api.w.org\/{rel}","templated":true}]}}